{"id":1183,"date":"2025-04-14T17:11:52","date_gmt":"2025-04-14T15:11:52","guid":{"rendered":"https:\/\/bieremagazine.fr\/?post_type=product&#038;p=1183"},"modified":"2025-07-15T21:22:54","modified_gmt":"2025-07-15T19:22:54","slug":"biere-magazine-n127-15-avril-15-juillet-2025","status":"publish","type":"product","link":"https:\/\/bieremagazine.fr\/?product=biere-magazine-n127-15-avril-15-juillet-2025","title":{"rendered":"Bi\u00e8re Magazine n\u00b0127 (16 avril \/ 15 juillet 2025)"},"content":{"rendered":"<p><strong>COURRIER DES LECTEURS<\/strong><\/p>\n<p><strong>BR\u00c8VES DE COMPTOIR<\/strong><\/p>\n<p><strong>DOSSIER<\/strong><br \/>\nBrewpub : le nouvel eldorado de la bi\u00e8re artisanale ?<\/p>\n<p><strong>FORMATION<\/strong><br \/>\n24 heures dans la peau d&rsquo;un \u00e9l\u00e8ve en zythologie<\/p>\n<p><strong>REPORTAGE<\/strong><br \/>\nBrasserie Cambier : le jour d&rsquo;apr\u00e8s<\/p>\n<p><strong>RENCONTRE<\/strong><br \/>\n4mbertek : la miss 8.6 des r\u00e9seaux sociaux<\/p>\n<p><strong>HISTOIRE<\/strong><br \/>\nLes myst\u00e8res du Porter<\/p>\n<p><strong>VOYAGE<\/strong><br \/>\n\u00c0 la d\u00e9couverte du monde de la bi\u00e8re au Japon<\/p>\n<p><strong>ANALYSE<\/strong><br \/>\nBi\u00e8re au f\u00fbt \/ Bi\u00e8re bouteille : des produits diff\u00e9rents ?<\/p>\n<p><strong>SALON<\/strong><br \/>\nAu Salon de l&rsquo;Agriculture, la bi\u00e8re en voit de toutes les couleurs<\/p>\n<p><strong>VISITE<\/strong><br \/>\nFives Cail : le quatri\u00e8me atout d&rsquo;Anthony d&rsquo;Orazio<\/p>\n<p><strong>VISITE<\/strong><br \/>\nBrasserie de Chambord : \u00e0 la recherche de l&rsquo;excellence<\/p>\n<p><strong>VISITE<\/strong><br \/>\nOmer Vander Ghinste : au (pr\u00e9)nom du p\u00e8re&#8230;<\/p>\n<p><strong>FESTIVAL<br \/>\n<\/strong>Dans les coulisses du Aix Bi\u00e8re Festival<\/p>\n<p><strong>LA LE\u00c7ON DU PROFESSEUR LAVELLE<\/strong><br \/>\nL&rsquo;amertume<br \/>\n<strong><br \/>\nLA CHRONIQUE D&rsquo;HERV\u00c9 MARZIOU<\/strong><br \/>\nBrasseurs et consommateurs, prenons un nouveau d\u00e9part !<\/p>\n<p><strong>LE CAHIER PRO<\/strong><br \/>\n&#8211; Actualit\u00e9s<br \/>\n&#8211; L&rsquo;interview de Magali Filhue (Brasseurs de France)<br \/>\n&#8211; EBC : Une agence au service des brasseurs<br \/>\n&#8211; LE GANG DES TAVERNIERS : 1er r\u00e9seau de bars ind\u00e9pendants<\/p>\n<p><strong>12 BI\u00c8RES EN FICHES<\/strong><\/p>\n","protected":false},"excerpt":{"rendered":"<p>Brewpub : le nouvel eldorado ? \u2022 24h dans une \u00e9cole de bi\u00e9rologie \u2022 L&rsquo;histoire du Porter \u2022 La bi\u00e8re au Japon \u2022 Cambier : les suite de l&rsquo;incendie \u2022 Bouteille\/F\u00fbt : quelles diff\u00e9rences ? \u2022 L&rsquo;amertume expliqu\u00e9e par la science<\/p>\n","protected":false},"featured_media":1184,"template":"","meta":{"_themeisle_gutenberg_block_has_review":false},"product_brand":[],"product_cat":[46],"product_tag":[],"class_list":{"0":"post-1183","1":"product","2":"type-product","3":"status-publish","4":"has-post-thumbnail","6":"product_cat-achat-au-numero","8":"first","9":"instock","10":"taxable","11":"shipping-taxable","12":"purchasable","13":"product-type-simple"},"_links":{"self":[{"href":"https:\/\/bieremagazine.fr\/index.php?rest_route=\/wp\/v2\/product\/1183","targetHints":{"allow":["GET"]}}],"collection":[{"href":"https:\/\/bieremagazine.fr\/index.php?rest_route=\/wp\/v2\/product"}],"about":[{"href":"https:\/\/bieremagazine.fr\/index.php?rest_route=\/wp\/v2\/types\/product"}],"wp:featuredmedia":[{"embeddable":true,"href":"https:\/\/bieremagazine.fr\/index.php?rest_route=\/wp\/v2\/media\/1184"}],"wp:attachment":[{"href":"https:\/\/bieremagazine.fr\/index.php?rest_route=%2Fwp%2Fv2%2Fmedia&parent=1183"}],"wp:term":[{"taxonomy":"product_brand","embeddable":true,"href":"https:\/\/bieremagazine.fr\/index.php?rest_route=%2Fwp%2Fv2%2Fproduct_brand&post=1183"},{"taxonomy":"product_cat","embeddable":true,"href":"https:\/\/bieremagazine.fr\/index.php?rest_route=%2Fwp%2Fv2%2Fproduct_cat&post=1183"},{"taxonomy":"product_tag","embeddable":true,"href":"https:\/\/bieremagazine.fr\/index.php?rest_route=%2Fwp%2Fv2%2Fproduct_tag&post=1183"}],"curies":[{"name":"wp","href":"https:\/\/api.w.org\/{rel}","templated":true}]}}