{"id":1430,"date":"2025-07-14T07:59:09","date_gmt":"2025-07-14T05:59:09","guid":{"rendered":"https:\/\/bieremagazine.fr\/?post_type=product&#038;p=1430"},"modified":"2025-07-15T21:22:04","modified_gmt":"2025-07-15T19:22:04","slug":"biere-magazine-n128-16-juillet-14-octobre-2025","status":"publish","type":"product","link":"https:\/\/bieremagazine.fr\/?product=biere-magazine-n128-16-juillet-14-octobre-2025","title":{"rendered":"Bi\u00e8re Magazine n\u00b0128 (16 juillet \/ 14 octobre 2025)"},"content":{"rendered":"<p><strong>COURRIER DES LECTEURS<\/strong><\/p>\n<p><strong>BR\u00c8VES DE COMPTOIR<\/strong><\/p>\n<p><strong>DOSSIER<\/strong><br \/>\nTourisme brassicole : les 80 bonnes adresses de l&rsquo;\u00e9t\u00e9<\/p>\n<p><strong>FESTIVAL<\/strong><br \/>\nLa bi\u00e8re au Hellfest<\/p>\n<p><strong>REPORTAGE<\/strong><br \/>\nAffaire des &lsquo;fausses pintes&rsquo; : les centilitres de la discorde<\/p>\n<p><strong>DOSSIER<\/strong><br \/>\nExiste-t-il des styles de bi\u00e8res sp\u00e9cifiques \u00e0 la France ?<\/p>\n<p><strong>FESTIVAL<\/strong><br \/>\nAu Paris Beer Festival, il y a toujours de nouvelles brasseries !<\/p>\n<p><strong>REPORTAGE<\/strong><br \/>\nPerle ou la longue ascension de Christian Artzner<\/p>\n<p><strong>DOSSIER<\/strong><br \/>\nLa bi\u00e8re en Cor\u00e9e du Sud<\/p>\n<p><strong>REPORTAGE<\/strong><br \/>\nLes auberges-brasseries allemandes<\/p>\n<p><strong>ZYTHOLOGIE<\/strong><br \/>\nTrois d\u00e9fauts courants dans la bi\u00e8re<\/p>\n<p><strong>LA CHRONIQUE D&rsquo;HERV\u00c9 MARZIOU<\/strong><br \/>\nLe tourisme brassicole, c&rsquo;est partager !<\/p>\n<p><strong>LE CAHIER PRO<\/strong><br \/>\n&#8211; Actualit\u00e9s<br \/>\n&#8211; Dispense de licence pour les brasseries : l&rsquo;interview de Violette Spillebout<br \/>\n&#8211; Les 10 ans du distributeur BAF<br \/>\n&#8211; Franchise : les bars CONSTANT acc\u00e9l\u00e8rent leur d\u00e9veloppement<\/p>\n<p><strong>12 BI\u00c8RES EN FICHES<\/strong><\/p>\n","protected":false},"excerpt":{"rendered":"<p>Les 80 bonnes adresses de l&rsquo;\u00e9t\u00e9 \u2022 L&rsquo;affaire des fausses pintes \u2022 La bi\u00e8re au Hellfest \u2022 Existe-t-il des styles de bi\u00e8res sp\u00e9cifiques \u00e0 la France ? \u2022 La bi\u00e8re en Cor\u00e9e du Sud \u2022 Les auberges-brasseries allemandes \u2022 Les trois d\u00e9fauts courants dans la bi\u00e8re<\/p>\n","protected":false},"featured_media":1431,"template":"","meta":{"_themeisle_gutenberg_block_has_review":false},"product_brand":[],"product_cat":[46],"product_tag":[],"class_list":{"0":"post-1430","1":"product","2":"type-product","3":"status-publish","4":"has-post-thumbnail","6":"product_cat-achat-au-numero","8":"first","9":"instock","10":"taxable","11":"shipping-taxable","12":"purchasable","13":"product-type-simple"},"_links":{"self":[{"href":"https:\/\/bieremagazine.fr\/index.php?rest_route=\/wp\/v2\/product\/1430","targetHints":{"allow":["GET"]}}],"collection":[{"href":"https:\/\/bieremagazine.fr\/index.php?rest_route=\/wp\/v2\/product"}],"about":[{"href":"https:\/\/bieremagazine.fr\/index.php?rest_route=\/wp\/v2\/types\/product"}],"wp:featuredmedia":[{"embeddable":true,"href":"https:\/\/bieremagazine.fr\/index.php?rest_route=\/wp\/v2\/media\/1431"}],"wp:attachment":[{"href":"https:\/\/bieremagazine.fr\/index.php?rest_route=%2Fwp%2Fv2%2Fmedia&parent=1430"}],"wp:term":[{"taxonomy":"product_brand","embeddable":true,"href":"https:\/\/bieremagazine.fr\/index.php?rest_route=%2Fwp%2Fv2%2Fproduct_brand&post=1430"},{"taxonomy":"product_cat","embeddable":true,"href":"https:\/\/bieremagazine.fr\/index.php?rest_route=%2Fwp%2Fv2%2Fproduct_cat&post=1430"},{"taxonomy":"product_tag","embeddable":true,"href":"https:\/\/bieremagazine.fr\/index.php?rest_route=%2Fwp%2Fv2%2Fproduct_tag&post=1430"}],"curies":[{"name":"wp","href":"https:\/\/api.w.org\/{rel}","templated":true}]}}