{"id":1626,"date":"2025-10-14T15:46:19","date_gmt":"2025-10-14T13:46:19","guid":{"rendered":"https:\/\/bieremagazine.fr\/?post_type=product&#038;p=1626"},"modified":"2025-10-14T16:29:07","modified_gmt":"2025-10-14T14:29:07","slug":"biere-magazine-n129-15-octobre-14-janvier-2026","status":"publish","type":"product","link":"https:\/\/bieremagazine.fr\/?product=biere-magazine-n129-15-octobre-14-janvier-2026","title":{"rendered":"Bi\u00e8re Magazine n\u00b0129 (15 octobre \/ 14 janvier 2026)"},"content":{"rendered":"<p><strong>COURRIER DES LECTEURS<\/strong><\/p>\n<p><strong>BR\u00c8VES DE COMPTOIR<\/strong><\/p>\n<p><strong>DOSSIER<\/strong><br \/>\n35 conseils pour monter sa microbrasserie en 2026<\/p>\n<p><strong>REPORTAGE<\/strong><br \/>\nL&rsquo;histoire de la Pumpkin Ale : une bi\u00e8re qui fout la (ci)trouille !<\/p>\n<p><strong>ENQU\u00caTE<br \/>\n<\/strong>La bi\u00e8re fran\u00e7aise vue de l&rsquo;\u00e9tranger<\/p>\n<p><strong>D\u00c9COUVERTE<\/strong><br \/>\nLa brasserie f\u00e9ministe BrewHERy<\/p>\n<p><strong>BIRRA DELL&rsquo;ANNO 2025<\/strong><br \/>\nPr\u00e9sentation des 2 meilleures brasseries italiennes de l&rsquo;ann\u00e9e<\/p>\n<p><strong>VISITE<\/strong><br \/>\nD\u00e9couverte de La Spontanerie<\/p>\n<p><strong>INTERVIEW<\/strong><br \/>\nQue va devenir La Brasserie de l&rsquo;\u00catre ? Rencontre avec Edward Jalat-Dehen<\/p>\n<p><strong>REPORTAGE<\/strong><br \/>\nSecond Degr\u00e9 remet la brasserie au milieu du village<\/p>\n<p><strong>VISITE<\/strong><br \/>\nQui se cache derri\u00e8re l&rsquo;hippopotame de la brasserie Markus ?<\/p>\n<p><strong>REPORTAGE<\/strong><br \/>\nBrasserie Meteor : de Strasbourg \u00e0&#8230; Marseille !<\/p>\n<p><strong>FESTIVAL<br \/>\n<\/strong>Portrait de b\u00e9n\u00e9voles au Beer Love Fest de Montpellier<\/p>\n<p><strong>LA CHRONIQUE D&rsquo;HERV\u00c9 MARZIOU<\/strong><br \/>\nAllons enfants de la brasserie&#8230;<\/p>\n<p><strong>LA LE\u00c7ON DU PROFESSEUR LAVELLE<\/strong><br \/>\nL\u2019acidit\u00e9<\/p>\n<p><strong>L&rsquo;INSTANT ZYTHO DE DOROTH\u00c9E VAN AGT<\/strong><br \/>\nLes contaminations<\/p>\n<p><strong>LA FICHE DE D\u00c9GUSTATION &lsquo;BIERE MAGAZINE&rsquo;<\/strong><\/p>\n<p><strong>LE CAHIER PRO<\/strong><br \/>\n&#8211; Actualit\u00e9s<br \/>\n&#8211; MYF\u00dbT : un partenaire de luxe pour les brasseries<br \/>\n&#8211; LE RIGAL DE LA BI\u00c8RE, t\u00e9moin incontournable des \u00e9volutions du march\u00e9<br \/>\n&#8211; BUBULLE : le nouveau logiciel qui simplifie la vie des brasseurs<\/p>\n<p><strong>12 BI\u00c8RES EN FICHES<\/strong><\/p>\n","protected":false},"excerpt":{"rendered":"<p>35 conseils pour monter sa microbrasserie en 2026 \u2022 La bi\u00e8re fran\u00e7aise vue de l&rsquo;\u00e9tranger \u2022 La brasserie f\u00e9ministe BrewHERy \u2022 Pr\u00e9sentation des 2 meilleures brasseries italiennes de l&rsquo;ann\u00e9e \u2022 Que va devenir La Brasserie de l&rsquo;\u00catre ? \u2022 L&rsquo;acidit\u00e9 expliqu\u00e9e par la science \u2022 La fiche de d\u00e9gustation &lsquo;Bi\u00e8re Magazine&rsquo;<\/p>\n","protected":false},"featured_media":1627,"template":"","meta":{"_themeisle_gutenberg_block_has_review":false},"product_brand":[],"product_cat":[46],"product_tag":[],"class_list":{"0":"post-1626","1":"product","2":"type-product","3":"status-publish","4":"has-post-thumbnail","6":"product_cat-achat-au-numero","8":"first","9":"instock","10":"taxable","11":"shipping-taxable","12":"purchasable","13":"product-type-simple"},"_links":{"self":[{"href":"https:\/\/bieremagazine.fr\/index.php?rest_route=\/wp\/v2\/product\/1626","targetHints":{"allow":["GET"]}}],"collection":[{"href":"https:\/\/bieremagazine.fr\/index.php?rest_route=\/wp\/v2\/product"}],"about":[{"href":"https:\/\/bieremagazine.fr\/index.php?rest_route=\/wp\/v2\/types\/product"}],"wp:featuredmedia":[{"embeddable":true,"href":"https:\/\/bieremagazine.fr\/index.php?rest_route=\/wp\/v2\/media\/1627"}],"wp:attachment":[{"href":"https:\/\/bieremagazine.fr\/index.php?rest_route=%2Fwp%2Fv2%2Fmedia&parent=1626"}],"wp:term":[{"taxonomy":"product_brand","embeddable":true,"href":"https:\/\/bieremagazine.fr\/index.php?rest_route=%2Fwp%2Fv2%2Fproduct_brand&post=1626"},{"taxonomy":"product_cat","embeddable":true,"href":"https:\/\/bieremagazine.fr\/index.php?rest_route=%2Fwp%2Fv2%2Fproduct_cat&post=1626"},{"taxonomy":"product_tag","embeddable":true,"href":"https:\/\/bieremagazine.fr\/index.php?rest_route=%2Fwp%2Fv2%2Fproduct_tag&post=1626"}],"curies":[{"name":"wp","href":"https:\/\/api.w.org\/{rel}","templated":true}]}}