{"id":1824,"date":"2026-01-15T13:34:59","date_gmt":"2026-01-15T12:34:59","guid":{"rendered":"https:\/\/bieremagazine.fr\/?post_type=product&#038;p=1824"},"modified":"2026-01-15T13:57:50","modified_gmt":"2026-01-15T12:57:50","slug":"biere-magazine-n130-15-janvier-14-avril-2026","status":"publish","type":"product","link":"https:\/\/bieremagazine.fr\/?product=biere-magazine-n130-15-janvier-14-avril-2026","title":{"rendered":"Bi\u00e8re Magazine n\u00b0130 (15 janvier \/ 14 avril 2026)"},"content":{"rendered":"<p><strong>BR\u00c8VES DE COMPTOIR<\/strong><\/p>\n<p><strong>SONDAGE<\/strong><br \/>\nLes 10 meilleures brasseries de l&rsquo;ann\u00e9e<\/p>\n<p><b>TENDANCE<\/b><br \/>\nAvis de beau temps sur l&rsquo;AMER<\/p>\n<p><strong>REPORTAGE<br \/>\n<\/strong>Anthony Passionn\u00e9 : l&rsquo;homme qui fait chanter la bi\u00e8re<\/p>\n<p><strong>FACE AUX LECTEURS<\/strong><br \/>\nDavid Garrigues (Brasserie Iron) interview\u00e9 par les lecteurs<\/p>\n<p><strong>REPORTAGE<\/strong><br \/>\nSaint-Valentin : la bi\u00e8re et l&rsquo;amour ? C&rsquo;est pour la vie !<\/p>\n<p><strong>TECHNIQUE<\/strong><br \/>\nBrettanomyces : le retour des mal-aim\u00e9s<\/p>\n<p><b>MARCH\u00c9 DE LA BI\u00c8RE<\/b><br \/>\nLes 12 tendances \u00e0 venir en 2026<\/p>\n<p><b>\u00c0 L&rsquo;\u00c9TRANGER<br \/>\n<\/b>La bi\u00e8re craft est-elle en crise aux \u00c9tats-Unis ?<\/p>\n<p><strong>VISITES DE BRASSERIE<\/strong><br \/>\n&#8211; La Bestiole<br \/>\n&#8211; Brasserie de Rochehaut<br \/>\n&#8211; Brasseries Leroy<\/p>\n<p><strong>LA LE\u00c7ON ZYTHOLOGICO-CULINAIRE<\/strong><br \/>\nL\u2019umami<\/p>\n<p><strong>L&rsquo;INSTANT ZYTHO<\/strong><br \/>\nLes esters de levure<\/p>\n<p><strong>LA CHRONIQUE GOURMANDE<br \/>\n<\/strong>La tomate<strong><br \/>\n<\/strong><\/p>\n<p><strong>L&rsquo;<b>\u00c9<\/b>DITO D&rsquo;HERV\u00c9 MARZIOU<\/strong><br \/>\nUn festival de bonnes r\u00e9solutions<\/p>\n<p><strong>LE CAHIER PRO<\/strong><br \/>\n&#8211; Actualit\u00e9s<br \/>\n&#8211; THIELMANN : une famille en&#8230; inox !<br \/>\n&#8211; SNBi : retour sur 10 ans d&rsquo;engagement aux c\u00f4t\u00e9s des brasseries<br \/>\n&#8211; ANDERS! : le g\u00e9ant belge qui veut booster la craft fran\u00e7aise<br \/>\n&#8211; PRIZM &amp; VNDL changent d&rsquo;\u00e9chelle : l&rsquo;interview de Julien du Tremblay<br \/>\n&#8211; LES RENCONTRES DU HOUBLON : une deuxi\u00e8me \u00e9dition tr\u00e8s attendue<br \/>\n&#8211; BRASSINOV : le concours de l&rsquo;innovation brassicole<\/p>\n","protected":false},"excerpt":{"rendered":"<p>Les 10 meilleures brasseries de l\u2019ann\u00e9e \u2022 L\u2019homme qui fait chanter la bi\u00e8re \u2022 Brettanomyces : le retour des mal-aim\u00e9s \u2022 La bi\u00e8re craft est-elle en crise aux \u00c9tats-Unis ? \u2022 Les 12 tendances \u00e0 venir en 2026 \u2022 David Garrigues (Brasserie Iron) interview\u00e9 par les lecteurs \u2022 Avis de beau temps sur l\u2019AMER<\/p>\n","protected":false},"featured_media":1825,"template":"","meta":{"_themeisle_gutenberg_block_has_review":false},"product_brand":[],"product_cat":[46],"product_tag":[],"class_list":{"0":"post-1824","1":"product","2":"type-product","3":"status-publish","4":"has-post-thumbnail","6":"product_cat-achat-au-numero","8":"first","9":"instock","10":"taxable","11":"shipping-taxable","12":"purchasable","13":"product-type-simple"},"_links":{"self":[{"href":"https:\/\/bieremagazine.fr\/index.php?rest_route=\/wp\/v2\/product\/1824","targetHints":{"allow":["GET"]}}],"collection":[{"href":"https:\/\/bieremagazine.fr\/index.php?rest_route=\/wp\/v2\/product"}],"about":[{"href":"https:\/\/bieremagazine.fr\/index.php?rest_route=\/wp\/v2\/types\/product"}],"wp:featuredmedia":[{"embeddable":true,"href":"https:\/\/bieremagazine.fr\/index.php?rest_route=\/wp\/v2\/media\/1825"}],"wp:attachment":[{"href":"https:\/\/bieremagazine.fr\/index.php?rest_route=%2Fwp%2Fv2%2Fmedia&parent=1824"}],"wp:term":[{"taxonomy":"product_brand","embeddable":true,"href":"https:\/\/bieremagazine.fr\/index.php?rest_route=%2Fwp%2Fv2%2Fproduct_brand&post=1824"},{"taxonomy":"product_cat","embeddable":true,"href":"https:\/\/bieremagazine.fr\/index.php?rest_route=%2Fwp%2Fv2%2Fproduct_cat&post=1824"},{"taxonomy":"product_tag","embeddable":true,"href":"https:\/\/bieremagazine.fr\/index.php?rest_route=%2Fwp%2Fv2%2Fproduct_tag&post=1824"}],"curies":[{"name":"wp","href":"https:\/\/api.w.org\/{rel}","templated":true}]}}