{"id":2079,"date":"2026-04-17T13:24:07","date_gmt":"2026-04-17T11:24:07","guid":{"rendered":"https:\/\/bieremagazine.fr\/?post_type=product&#038;p=2079"},"modified":"2026-04-17T14:16:06","modified_gmt":"2026-04-17T12:16:06","slug":"biere-magazine-n131-15-avril-14-juillet","status":"publish","type":"product","link":"https:\/\/bieremagazine.fr\/?product=biere-magazine-n131-15-avril-14-juillet","title":{"rendered":"Bi\u00e8re Magazine n\u00b0131 (15 avril \/ 14 juillet 2026)"},"content":{"rendered":"<p><strong>BR\u00c8VES DE COMPTOIR<\/strong><\/p>\n<p><strong>ACTUALIT\u00c9S<\/strong><br \/>\n\u25cf Les derni\u00e8res innovations de Baladin<br \/>\n\u25cf Quel avenir pour Brewdog ?<\/p>\n<p><b>LE GRAND QUIZ<\/b><br \/>\n47 questions pour tester vos connaissances sur la bi\u00e8re<\/p>\n<p><strong>BI\u00c8RE ET MUSIQUE<br \/>\n<\/strong>Un accord majeur<\/p>\n<p><strong>COUPE DU MONDE DE FOOTBALL<\/strong><br \/>\nR\u00e9glementation et gros contrats<\/p>\n<p><strong>HISTOIRE<\/strong><br \/>\nLa v\u00e9ritable histoire de la Saison<\/p>\n<p><strong>UKRAINE<\/strong><br \/>\nLa bi\u00e8re comme arme de r\u00e9sistance<\/p>\n<p><b>LE GUIDE CRAFT<\/b><br \/>\nLes bonnes adresses \u00e0 Lyon<\/p>\n<p><b>BI\u00c8RE ET TRAVAIL<br \/>\n<\/b>Une longue histoire<\/p>\n<p><strong>PIETRA<br \/>\n<\/strong>Le terroir en bouteille<\/p>\n<p><strong>MUSEE DE STENAY<\/strong><br \/>\nLe premier mus\u00e9e de la bi\u00e8re f\u00eate ses 40 ans !<\/p>\n<p><strong>ARCKA BREWING<\/strong><br \/>\nCr\u00e9atif, au-del\u00e0 des apparences\u2026<\/p>\n<p><strong>WEIHENSTEPHAN<\/strong><br \/>\nEntre histoire mill\u00e9naire et modernit\u00e9<\/p>\n<p><strong>SAINTE COLOMBE<\/strong><br \/>\nDans les coulisses d&rsquo;une brasserie pionni\u00e8re de Bretagne<\/p>\n<p><strong>TECHNIQUE<br \/>\n<\/strong>Tout savoir sur le maltage<br \/>\n<strong><br \/>\nLA LE\u00c7ON ZYTHOLOGICO-CULINAIRE<br \/>\n<\/strong>Le sucr\u00e9 dans la bi\u00e8re<\/p>\n<p><strong>L&rsquo;INSTANT ZYTHO<\/strong><br \/>\nSensations trig\u00e9minales : le toucher de la bouche<\/p>\n<p><strong>LA CHRONIQUE GOURMANDE<br \/>\n<\/strong>Le seigle<strong><br \/>\n<\/strong><\/p>\n<p><strong>L&rsquo;<b>\u00c9<\/b>DITO D&rsquo;HERV\u00c9 MARZIOU<\/strong><br \/>\nLes bi\u00e8res de printemps rembours\u00e9es par la S\u00e9cu !<\/p>\n<p><strong>LE CAHIER PRO<\/strong><br \/>\n&#8211; Actualit\u00e9s<br \/>\n&#8211; LES \u00c9TIQUETTES DE L\u00c9ONCE : quand une imprimerie centenaire met son savoir-faire au service des brasseurs<br \/>\n&#8211; LE CUVIER : brasser seul mais ne plus \u00eatre isol\u00e9<br \/>\n&#8211; MARKETING : l&rsquo;art d&rsquo;une bonne campagne d&rsquo;e-mailing<br \/>\n&#8211; EUROPEAN BEER STAR : les Jeux Olympiques de la bi\u00e8re ?<\/p>\n","protected":false},"excerpt":{"rendered":"<p>Le grand quiz de la bi\u00e8re \u2022 Bi\u00e8re et musique : un accord majeur \u2022 La v\u00e9ritable histoire de la Saison \u2022 Coup du monde de football : r\u00e9glementation et gros contrats \u2022 Tout savoir sur le maltage \u2022 Ukraine : la bi\u00e8re comme arme de r\u00e9sistance \u2022 Le guide craft de Lyon<\/p>\n","protected":false},"featured_media":2080,"template":"","meta":{"_themeisle_gutenberg_block_has_review":false},"product_brand":[],"product_cat":[46],"product_tag":[],"class_list":{"0":"post-2079","1":"product","2":"type-product","3":"status-publish","4":"has-post-thumbnail","6":"product_cat-achat-au-numero","8":"first","9":"instock","10":"taxable","11":"shipping-taxable","12":"purchasable","13":"product-type-simple"},"_links":{"self":[{"href":"https:\/\/bieremagazine.fr\/index.php?rest_route=\/wp\/v2\/product\/2079","targetHints":{"allow":["GET"]}}],"collection":[{"href":"https:\/\/bieremagazine.fr\/index.php?rest_route=\/wp\/v2\/product"}],"about":[{"href":"https:\/\/bieremagazine.fr\/index.php?rest_route=\/wp\/v2\/types\/product"}],"wp:featuredmedia":[{"embeddable":true,"href":"https:\/\/bieremagazine.fr\/index.php?rest_route=\/wp\/v2\/media\/2080"}],"wp:attachment":[{"href":"https:\/\/bieremagazine.fr\/index.php?rest_route=%2Fwp%2Fv2%2Fmedia&parent=2079"}],"wp:term":[{"taxonomy":"product_brand","embeddable":true,"href":"https:\/\/bieremagazine.fr\/index.php?rest_route=%2Fwp%2Fv2%2Fproduct_brand&post=2079"},{"taxonomy":"product_cat","embeddable":true,"href":"https:\/\/bieremagazine.fr\/index.php?rest_route=%2Fwp%2Fv2%2Fproduct_cat&post=2079"},{"taxonomy":"product_tag","embeddable":true,"href":"https:\/\/bieremagazine.fr\/index.php?rest_route=%2Fwp%2Fv2%2Fproduct_tag&post=2079"}],"curies":[{"name":"wp","href":"https:\/\/api.w.org\/{rel}","templated":true}]}}