{"id":377,"date":"2025-01-14T16:45:02","date_gmt":"2025-01-14T15:45:02","guid":{"rendered":"https:\/\/bieremagazine.fr\/?post_type=product&#038;p=377"},"modified":"2025-04-14T17:33:03","modified_gmt":"2025-04-14T15:33:03","slug":"biere-magazine-n126-janvier-fevrier-mars-2025","status":"publish","type":"product","link":"https:\/\/bieremagazine.fr\/?product=biere-magazine-n126-janvier-fevrier-mars-2025","title":{"rendered":"Bi\u00e8re Magazine n\u00b0126 (15 janvier \/ 15 avril 2025)"},"content":{"rendered":"<p><strong>BR\u00c8VES DE COMPTOIR<\/strong><\/p>\n<p><strong>SONDAGE<\/strong><br \/>\nLes 10 meilleures brasseries de l\u2019ann\u00e9e<\/p>\n<p><strong>TENDANCE<\/strong><br \/>\nLe Dry January et le boom des bi\u00e8res sans alcool<\/p>\n<p><strong>HISTOIRE<\/strong><br \/>\nLa Berliner Weisse, reine de l&rsquo;acidit\u00e9<\/p>\n<p><strong>VISITE<\/strong><br \/>\nPaix Dieu Nova : un nouvel astre dans la galaxie Paix Dieu<\/p>\n<p><strong>REPORTAGE<\/strong><br \/>\nFrance Bi\u00e8re Challenge, le petit fr\u00e8re hexagonal du Brussels Beer Challenge<\/p>\n<p><strong>FESTIVAL<\/strong><br \/>\nBAL : la m\u00e9tropole lilloise en f\u00eate gr\u00e2ce \u00e0 la bi\u00e8re<\/p>\n<p><strong>REPORTAGE<\/strong><br \/>\nRetraite de Daniel Thiriez : un nouveau chapitre pour l&rsquo;entreprise familiale<\/p>\n<p><strong>ENQU\u00caTE<\/strong><br \/>\nDes rails aux nuages, la bi\u00e8re voyage<\/p>\n<p><strong>VISITE<\/strong><br \/>\nAu brewpub Balthazar, l&rsquo;inspiration ne doit rien au hasard<\/p>\n<p><strong>ENQU\u00caTE<\/strong><br \/>\nLes tendances \u00e0 venir en 2025<\/p>\n<p><strong>BRASSEURS AMATEURS<\/strong><br \/>\nCloner, c&rsquo;est gagn\u00e9 !<\/p>\n<p><strong>CHRONIQUE<\/strong><br \/>\nVisionnaire !<\/p>\n<p><strong>LE CAHIER PRO<\/strong><br \/>\n&#8211; Actualit\u00e9s<br \/>\n&#8211; Easy Beer, le couteau suisse \u00e0 la fran\u00e7aise<br \/>\n&#8211; DBI : Quentin Blum tire sa r\u00e9v\u00e9rence<br \/>\n&#8211; R\u00e9seaux sociaux : 10 bonnes pratiques pour faire \u2018mousser\u2019 son bar<br \/>\n&#8211; Que nous r\u00e9serve le BeerExperience 2025 ?<\/p>\n<p><strong>12 BI\u00c8RES EN FICHES<\/strong><\/p>\n","protected":false},"excerpt":{"rendered":"<p>Les 10 meilleures brasseries de l&rsquo;ann\u00e9e \u2022 Les tendances pour 2025 \u2022 L&rsquo;histoire de la Berliner Weisse&#8230;<\/p>\n","protected":false},"featured_media":378,"template":"","meta":{"_themeisle_gutenberg_block_has_review":false},"product_brand":[],"product_cat":[46],"product_tag":[],"class_list":{"0":"post-377","1":"product","2":"type-product","3":"status-publish","4":"has-post-thumbnail","6":"product_cat-achat-au-numero","8":"first","9":"instock","10":"taxable","11":"shipping-taxable","12":"purchasable","13":"product-type-simple"},"_links":{"self":[{"href":"https:\/\/bieremagazine.fr\/index.php?rest_route=\/wp\/v2\/product\/377","targetHints":{"allow":["GET"]}}],"collection":[{"href":"https:\/\/bieremagazine.fr\/index.php?rest_route=\/wp\/v2\/product"}],"about":[{"href":"https:\/\/bieremagazine.fr\/index.php?rest_route=\/wp\/v2\/types\/product"}],"wp:featuredmedia":[{"embeddable":true,"href":"https:\/\/bieremagazine.fr\/index.php?rest_route=\/wp\/v2\/media\/378"}],"wp:attachment":[{"href":"https:\/\/bieremagazine.fr\/index.php?rest_route=%2Fwp%2Fv2%2Fmedia&parent=377"}],"wp:term":[{"taxonomy":"product_brand","embeddable":true,"href":"https:\/\/bieremagazine.fr\/index.php?rest_route=%2Fwp%2Fv2%2Fproduct_brand&post=377"},{"taxonomy":"product_cat","embeddable":true,"href":"https:\/\/bieremagazine.fr\/index.php?rest_route=%2Fwp%2Fv2%2Fproduct_cat&post=377"},{"taxonomy":"product_tag","embeddable":true,"href":"https:\/\/bieremagazine.fr\/index.php?rest_route=%2Fwp%2Fv2%2Fproduct_tag&post=377"}],"curies":[{"name":"wp","href":"https:\/\/api.w.org\/{rel}","templated":true}]}}